{"id":75295,"date":"2026-04-01T13:19:57","date_gmt":"2026-04-01T13:19:57","guid":{"rendered":"https:\/\/goelands.beecom.dev\/rates\/"},"modified":"2026-04-13T09:49:44","modified_gmt":"2026-04-13T09:49:44","slug":"rates","status":"publish","type":"page","link":"https:\/\/goelands.beecom.dev\/en\/rates\/","title":{"rendered":"Rates"},"content":{"rendered":"<div class=\"et_pb_section_0 et_pb_section et_section_regular et_block_section preset--module--divi-section--default\">\n<div class=\"et_pb_row_0 et_pb_row et_block_row preset--module--divi-row--vqhjgp24ad\">\n<div class=\"et_pb_column_0 et_pb_column et_pb_column_4_4 et-last-child et_block_column et_pb_css_mix_blend_mode_passthrough\">\n<div class=\"et_pb_text_0 et_pb_text et_pb_bg_layout_dark et_pb_module et_block_module preset--module--divi-text--default\"><div class=\"et_pb_text_inner\"><h1>Rates<\/h1>\n<\/div><\/div>\n<\/div>\n<\/div>\n<\/div>\n\n<div class=\"et_pb_section_1 et_pb_section et_section_regular et_block_section preset--module--divi-section--default\">\n<div class=\"et_pb_row_1 et_pb_row et_block_row preset--module--divi-row--vqhjgp24ad\">\n<div class=\"et_pb_column_1 et_pb_column et_pb_column_4_4 et-last-child et_block_column et_pb_css_mix_blend_mode_passthrough\">\n<div class=\"et_pb_text_1 et_pb_text et_pb_bg_layout_light et_pb_module et_block_module preset--module--divi-text--default\"><div class=\"et_pb_text_inner\"><span><span><a href=\"https:\/\/goelands.beecom.dev\/en\/\">Camping Les Go\u00e9lands<\/a><\/span><\/span>\n<\/div><\/div>\n<\/div>\n<\/div>\n<\/div>\n\n<div class=\"et_pb_section_2 et_pb_section et_section_regular et_block_section preset--module--divi-section--default\">\n<div class=\"et_pb_row_2 et_pb_row et_block_row preset--module--divi-row--vqhjgp24ad\">\n<div class=\"et_pb_column_2 et_pb_column et_pb_column_4_4 et-last-child et_block_column et_pb_css_mix_blend_mode_passthrough\">\n<div class=\"et_pb_code_0 et_pb_code et_pb_module\"><div class=\"et_pb_code_inner\"><style>h2{\n    color:#243549!important;\n    font-family: 'Alegreya Sans'!important;\n    font-weight: 700;\n  }\ntable.tablepress { width: 100%; border-collapse: collapse; font-size: 14px; }\ntable.tablepress thead tr th { background: #0a4a8c; color: #e6f1fb; font-weight: 500; padding: 9px 12px; text-align: left; font-size: 13px; }\ntable.tablepress thead tr th:last-child { text-align: right; }\ntable.tablepress tbody tr td { padding: 8px 12px; border-bottom: .5px solid #e0e0e0; vertical-align: top; }\ntable.tablepress tbody tr td:last-child { text-align: right; white-space: nowrap; }\ntable.tablepress tbody tr.even td { background: #f7f7f7; }\ntable.tablepress tbody tr.odd td { background: #ffffff; }\ntable.tablepress tbody tr:hover td { background: #eef4fb; }\n<\/style><h2>Emplacement Mobil home R\u00e9sidentiel<\/h2><table id=\"tablepress-1\" class=\"tablepress tablepress-id-1 tablepress-responsive\"><thead><tr class=\"row-1 odd\"><th class=\"column-1\">Forfait 1 an (6 personnes, 1 voiture, eau comprise, WIFI)<\/th><th class=\"column-2\">2 450,00 \u20ac<\/th><\/tr><\/thead><tbody class=\"row-hover\"><tr class=\"row-2 even\"><td class=\"column-1\">Forfait annuel par chien<\/td><td class=\"column-2\">20,00 \u20ac<\/td><\/tr><tr class=\"row-3 odd\"><td class=\"column-1\">Forfait \u00e0 l'ann\u00e9e par v\u00e9hicule suppl\u00e9mentaire avec badge<\/td><td class=\"column-2\">150,00 \u20ac<\/td><\/tr><tr class=\"row-4 even\"><td class=\"column-1\">Electricit\u00e9 le kwh, du 01\/04 au 30\/09<\/td><td class=\"column-2\">0,25 \u20ac<\/td><\/tr><tr class=\"row-5 odd\"><td class=\"column-1\">Electricit\u00e9 le kwh, du 01\/10 au 31\/03<\/td><td class=\"column-2\">0,35 \u20ac<\/td><\/tr><tr class=\"row-6 even\"><td class=\"column-1\">Tonte occasionnelle emplacement<\/td><td class=\"column-2\">30,00 \u20ac<\/td><\/tr><tr class=\"row-7 odd\"><td class=\"column-1\">Forfait annuel tonte emplacement<\/td><td class=\"column-2\">300,00 \u20ac<\/td><\/tr><tr class=\"row-8 even\"><td class=\"column-1\">Forfait lavage ext\u00e9rieur mobil-home<\/td><td class=\"column-2\">230,00 \u20ac<\/td><\/tr><tr class=\"row-9 odd\"><td class=\"column-1\">Droit d'entr\u00e9e mobil-home (toit 2 pentes uniquement)<\/td><td class=\"column-2\">1 500,00 \u20ac<\/td><\/tr><tr class=\"row-10 even\"><td class=\"column-1\">Passation du contrat de location en cours d'ann\u00e9e<\/td><td class=\"column-2\">750,00 \u20ac<\/td><\/tr><tr class=\"row-11 odd\"><td class=\"column-1\">R\u00e9duction sur le forfait pour paiement avant le 01\/03<\/td><td class=\"column-2\">-100,00 \u20ac<\/td><\/tr><tr class=\"row-12 even\"><td class=\"column-1\">Frais pour paiement au trimestre<\/td><td class=\"column-2\">70,00 \u20ac<\/td><\/tr><tr class=\"row-13 odd\"><td class=\"column-1\">Frais pour paiement en 10 fois<\/td><td class=\"column-2\">100,00 \u20ac<\/td><\/tr><tr class=\"row-14 even\"><td class=\"column-1\">Forfait acceptation sous location<\/td><td class=\"column-2\">500,00 \u20ac<\/td><\/tr><\/tbody><\/table><h2>Emplacement nu longue dur\u00e9e<\/h2><table id=\"tablepress-2\" class=\"tablepress tablepress-id-2 tablepress-responsive\"><thead><tr class=\"row-1 odd\"><th class=\"column-1\">Forfait 1 mois (4 personnes, 1 chien, 1 voiture, eau et \u00e9lectricit\u00e9 comprise)<\/th><th class=\"column-2\">450,00 \u20ac<\/th><\/tr><\/thead><tbody class=\"row-hover\"><tr class=\"row-2 even\"><td class=\"column-1\">Nuit suppl\u00e9mentaire<\/td><td class=\"column-2\">18,00 \u20ac<\/td><\/tr><tr class=\"row-3 odd\"><td class=\"column-1\">Personne de + de 3 ans en suppl\u00e9ment par nuit<\/td><td class=\"column-2\">4,50 \u20ac<\/td><\/tr><tr class=\"row-4 even\"><td class=\"column-1\">Personne de + de 3 ans en suppl\u00e9ment par mois<\/td><td class=\"column-2\">70,00 \u20ac<\/td><\/tr><tr class=\"row-5 odd\"><td class=\"column-1\">V\u00e9hicule motoris\u00e9 suppl\u00e9mentaire par nuit<\/td><td class=\"column-2\">4,00 \u20ac<\/td><\/tr><\/tbody><\/table><h2>Emplacement nu \u00e0 la nuit\u00e9e<\/h2><table id=\"tablepress-6\" class=\"tablepress tablepress-id-6 tablepress-responsive\"><thead><tr class=\"row-1 odd\"><th class=\"column-1\">Arriv\u00e9e \u00e0 partir de 14h, d\u00e9part 12h<\/th><th class=\"column-2\">Basse saison<\/th><th class=\"column-3\">Haute saison*<\/th><\/tr><\/thead><tbody class=\"row-hover\"><tr class=\"row-2 even\"><td class=\"column-1\">Emplacement acc\u00e8s Wifi compris<\/td><td class=\"column-2\">7,00 \u20ac<\/td><td class=\"column-3\">9,00 \u20ac<\/td><\/tr><tr class=\"row-3 odd\"><td class=\"column-1\">Premier v\u00e9hicule motoris\u00e9<\/td><td colspan=\"2\" class=\"column-2\">2,00 \u20ac<\/td><\/tr><tr class=\"row-4 even\"><td class=\"column-1\">Personne sup. de + de 3 ans<\/td><td class=\"column-2\">4,40 \u20ac<\/td><td class=\"column-3\">4,90 \u20ac<\/td><\/tr><tr class=\"row-5 odd\"><td class=\"column-1\">Animal<\/td><td colspan=\"2\" class=\"column-2\">2,00 \u20ac<\/td><\/tr><tr class=\"row-6 even\"><td class=\"column-1\">Electricit\u00e9 (16 A)<\/td><td class=\"column-2\">4,00 \u20ac<\/td><td class=\"column-3\">5,00 \u20ac<\/td><\/tr><tr class=\"row-7 odd\"><td class=\"column-1\">Garage mort<\/td><td class=\"column-2\">4,00 \u20ac<\/td><td class=\"column-3\">NC<\/td><\/tr><tr class=\"row-8 even\"><td class=\"column-1\">V\u00e9hicule motoris\u00e9 suppl\u00e9mentaire<\/td><td colspan=\"2\" class=\"column-2\">4,00 \u20ac<\/td><\/tr><tr class=\"row-9 odd\"><td class=\"column-1\">Jeton station Camping-car<\/td><td colspan=\"2\" class=\"column-2\">2,00 \u20ac<\/td><\/tr><tr class=\"row-10 even\"><td class=\"column-1\">Caution badge voiture<\/td><td colspan=\"2\" class=\"column-2\">20,00 \u20ac<\/td><\/tr><tr class=\"row-11 odd\"><td class=\"column-1\">Forfait nuit ACSI \/ ANWB (emplacement, 2 personnes, 1 chien, \u00e9lectricit\u00e9) sur pr\u00e9sentation de la carte<\/td><td colspan=\"2\" class=\"column-2\">19,00 \u20ac<\/td><\/tr><\/tbody><\/table><\/div><\/div>\n<\/div>\n<\/div>\n<\/div>\n\n<div class=\"et_pb_section_3 et_pb_section et_section_regular et_flex_section preset--module--divi-section--default\">\n<div class=\"et_pb_row_3 et_pb_row et_flex_row preset--module--divi-row--default\">\n<div class=\"et_pb_column_3 et_pb_column et-last-child et_flex_column et_pb_css_mix_blend_mode_passthrough et_flex_column_24_24 et_flex_column_24_24_tablet et_flex_column_24_24_phone\">\n<div class=\"et_pb_text_2 et_pb_text et_pb_bg_layout_light et_pb_module et_block_module preset--module--divi-text--7h7k13f7do\"><div class=\"et_pb_text_inner\"><h2><span>Explore the <span style=\"color: #7dad8d;\">campsite<\/span><\/span><\/h2>\n<\/div><\/div>\n\n<div class=\"et_pb_code_1 et_pb_code et_pb_module\"><div class=\"et_pb_code_inner\"><!-- Gridbuilder \u1d42\u1d3e Plugin (https:\/\/wpgridbuilder.com) -->\n<div class=\"wp-grid-builder wpgb-grid-56\" data-options=\"{&quot;id&quot;:56,&quot;type&quot;:&quot;masonry&quot;,&quot;source&quot;:&quot;post_type&quot;,&quot;loader&quot;:false,&quot;layout&quot;:&quot;vertical&quot;,&quot;reveal&quot;:1,&quot;isMainQuery&quot;:0,&quot;lazyLoad&quot;:true,&quot;cardSizes&quot;:{&quot;2560&quot;:{&quot;columns&quot;:3,&quot;height&quot;:120,&quot;gutter&quot;:20,&quot;ratio&quot;:&quot;1.33333&quot;},&quot;1080&quot;:{&quot;columns&quot;:2,&quot;height&quot;:120,&quot;gutter&quot;:20,&quot;ratio&quot;:&quot;1.33333&quot;},&quot;640&quot;:{&quot;columns&quot;:1,&quot;height&quot;:200,&quot;gutter&quot;:20,&quot;ratio&quot;:&quot;1.33333&quot;}},&quot;fitRows&quot;:true,&quot;equalRows&quot;:0,&quot;equalColumns&quot;:true,&quot;fillLastRow&quot;:0,&quot;centerLastRow&quot;:0,&quot;horizontalOrder&quot;:true,&quot;fullWidth&quot;:false,&quot;transitionDelay&quot;:100,&quot;gallerySlideshow&quot;:false,&quot;rowsNumber&quot;:1,&quot;slideAlign&quot;:&quot;left&quot;,&quot;groupCells&quot;:1,&quot;draggable&quot;:true,&quot;initialIndex&quot;:0,&quot;contain&quot;:true,&quot;freeScroll&quot;:false,&quot;freeFriction&quot;:&quot;0.075&quot;,&quot;friction&quot;:&quot;0.285&quot;,&quot;attraction&quot;:&quot;0.025&quot;,&quot;autoPlay&quot;:0,&quot;pageDotAriaLabel&quot;:&quot;Page dot %d&quot;,&quot;isPreview&quot;:false,&quot;isGutenberg&quot;:false,&quot;rightToLeft&quot;:false}\"><div class=\"wpgb-svg-icons\" hidden>\n\t<svg viewBox=\"0 0 120 24\" width=\"0\" height=\"0\">\n\t<defs>\n        <polygon id=\"wpgb-star-svg\" points=\"12 2.5 15.1 8.8 22 9.8 17 14.6 18.2 21.5 12 18.3 5.8 21.5 7 14.6 2 9.8 8.9 8.8\"><\/polygon>\n    <\/defs>\n    <symbol id=\"wpgb-rating-stars-svg\">\n        <use xlink:href=\"#wpgb-star-svg\"><\/use>\n        <use xlink:href=\"#wpgb-star-svg\" x=\"24\"><\/use>\n        <use xlink:href=\"#wpgb-star-svg\" x=\"48\"><\/use>\n        <use xlink:href=\"#wpgb-star-svg\" x=\"72\"><\/use>\n        <use xlink:href=\"#wpgb-star-svg\" x=\"96\"><\/use>\n    <\/symbol>\n<\/svg>\n<\/div>\n<div class=\"wpgb-wrapper\">\n\t<div class=\"wpgb-main\">\n\t<div class=\"wpgb-layout\">\n\t<div class=\"wpgb-viewport\">\n\t\t<div class=\"wpgb-masonry\">\n\t\t\t<article class=\"wpgb-card wpgb-card-24 wpgb-post-75374 wpgb-card-hidden\" data-col=\"1\" data-row=\"1\" data-format=\"standard\"><div class=\"wpgb-card-wrapper\"><div class=\"wpgb-card-inner\" data-action><div class=\"wpgb-card-media wpgb-scheme-light\"><svg data-ratio style=\"padding-top:56.25%\" viewBox=\"0 0 16 9\" aria-hidden=\"true\"><\/svg><div class=\"wpgb-card-media-thumbnail\"><a href=\"https:\/\/goelands.beecom.dev\/wp-content\/uploads\/2026\/03\/seinemaritime-scaled.png\" tabindex=\"-1\" class=\"wpgb-handle-lb wpgb-lightbox\" data-type=\"image\" data-rel=\"56\" title=\"Enlarge photo\"><div class=\"wpgb-lazy-load wpgb-lazy-spinner\" data-wpgb-thumb=\"\" data-wpgb-src=\"https:\/\/goelands.beecom.dev\/wp-content\/uploads\/2026\/03\/seinemaritime-768x512.png\"><\/div><noscript><img loading=\"lazy\" decoding=\"async\" class=\"wpgb-noscript-img\" src=\"https:\/\/goelands.beecom.dev\/wp-content\/uploads\/2026\/03\/seinemaritime-768x512.png\" alt=\"Seine-Maritime\" height=\"512\" width=\"768\"><\/noscript><\/a><\/div><div class=\"wpgb-card-media-overlay\"><\/div><\/div><div class=\"wpgb-card-content wpgb-scheme-dark\"><div class=\"wpgb-card-body\"><p class=\"wpgb-block-1\"><a href=\"https:\/\/goelands.beecom.dev\/en\/affordable-stay-in-seine-maritime\/\">Affordable stay in Seine-Maritime<\/a><\/p><\/div><\/div><a class=\"wpgb-card-layer-link\" href=\"https:\/\/goelands.beecom.dev\/en\/affordable-stay-in-seine-maritime\/\"><\/a><\/div><\/div><\/article><article class=\"wpgb-card wpgb-card-24 wpgb-post-75291 wpgb-card-hidden\" data-col=\"1\" data-row=\"1\" data-format=\"standard\"><div class=\"wpgb-card-wrapper\"><div class=\"wpgb-card-inner\" data-action><div class=\"wpgb-card-media wpgb-scheme-light\"><svg data-ratio style=\"padding-top:56.25%\" viewBox=\"0 0 16 9\" aria-hidden=\"true\"><\/svg><div class=\"wpgb-card-media-thumbnail\"><a href=\"https:\/\/goelands.beecom.dev\/wp-content\/uploads\/2026\/03\/louer-mobil-home-pres-dieppe.png\" tabindex=\"-1\" class=\"wpgb-handle-lb wpgb-lightbox\" data-type=\"image\" data-rel=\"56\" title=\"Enlarge photo\"><div class=\"wpgb-lazy-load wpgb-lazy-spinner\" data-wpgb-thumb=\"\" data-wpgb-src=\"https:\/\/goelands.beecom.dev\/wp-content\/uploads\/2026\/03\/louer-mobil-home-pres-dieppe.png\"><\/div><noscript><img loading=\"lazy\" decoding=\"async\" class=\"wpgb-noscript-img\" src=\"https:\/\/goelands.beecom.dev\/wp-content\/uploads\/2026\/03\/louer-mobil-home-pres-dieppe.png\" alt=\"Rent a Mobile Home Near Dieppe\" height=\"526\" width=\"683\"><\/noscript><\/a><\/div><div class=\"wpgb-card-media-overlay\"><\/div><\/div><div class=\"wpgb-card-content wpgb-scheme-dark\"><div class=\"wpgb-card-body\"><p class=\"wpgb-block-1\"><a href=\"https:\/\/goelands.beecom.dev\/en\/location-mobil-home-seine-maritime\/\">Mobile home<\/a><\/p><\/div><\/div><a class=\"wpgb-card-layer-link\" href=\"https:\/\/goelands.beecom.dev\/en\/location-mobil-home-seine-maritime\/\"><\/a><\/div><\/div><\/article><article class=\"wpgb-card wpgb-card-24 wpgb-post-75377 wpgb-card-hidden\" data-col=\"1\" data-row=\"1\" data-format=\"standard\"><div class=\"wpgb-card-wrapper\"><div class=\"wpgb-card-inner\" data-action><div class=\"wpgb-card-media wpgb-scheme-light\"><svg data-ratio style=\"padding-top:56.25%\" viewBox=\"0 0 16 9\" aria-hidden=\"true\"><\/svg><div class=\"wpgb-card-media-thumbnail\"><a href=\"https:\/\/goelands.beecom.dev\/wp-content\/uploads\/2026\/04\/mini-ferme-les-goelands.jpg\" tabindex=\"-1\" class=\"wpgb-handle-lb wpgb-lightbox\" data-type=\"image\" data-rel=\"56\" title=\"Enlarge photo\"><div class=\"wpgb-lazy-load wpgb-lazy-spinner\" data-wpgb-thumb=\"\" data-wpgb-src=\"https:\/\/goelands.beecom.dev\/wp-content\/uploads\/2026\/04\/mini-ferme-les-goelands-768x320.jpg\"><\/div><noscript><img loading=\"lazy\" decoding=\"async\" class=\"wpgb-noscript-img\" src=\"https:\/\/goelands.beecom.dev\/wp-content\/uploads\/2026\/04\/mini-ferme-les-goelands-768x320.jpg\" alt=\"Les Go\u00e9lands Mini Farm\" height=\"320\" width=\"768\"><\/noscript><\/a><\/div><div class=\"wpgb-card-media-overlay\"><\/div><\/div><div class=\"wpgb-card-content wpgb-scheme-dark\"><div class=\"wpgb-card-body\"><p class=\"wpgb-block-1\"><a href=\"https:\/\/goelands.beecom.dev\/en\/mini-farm\/\">Mini farm<\/a><\/p><\/div><\/div><a class=\"wpgb-card-layer-link\" href=\"https:\/\/goelands.beecom.dev\/en\/mini-farm\/\"><\/a><\/div><\/div><\/article>\t\t<\/div>\n\t<\/div>\n\t<\/div>\n\t<\/div>\n\t\t<\/div>\n<\/div>\n<\/div><\/div>\n<\/div>\n<\/div>\n<\/div>","protected":false},"excerpt":{"rendered":"","protected":false},"author":4,"featured_media":0,"parent":0,"menu_order":0,"comment_status":"closed","ping_status":"closed","template":"","meta":{"_acf_changed":false,"inline_featured_image":false,"footnotes":""},"class_list":["post-75295","page","type-page","status-publish","hentry"],"acf":[],"yoast_head":"<!-- This site is optimized with the Yoast SEO plugin v27.1.1 - https:\/\/yoast.com\/product\/yoast-seo-wordpress\/ -->\n<title>Rates for our campsite in Seine Maritime near Dieppe<\/title>\n<meta name=\"description\" content=\"Check out the rates for the campsite in Seine-Maritime near Dieppe: prices for pitches, mobile homes, and options for your stay in Normandy.\" \/>\n<meta name=\"robots\" content=\"noindex, follow, max-snippet:-1, max-image-preview:large, max-video-preview:-1\" \/>\n<meta property=\"og:locale\" content=\"en_US\" \/>\n<meta property=\"og:type\" content=\"article\" \/>\n<meta property=\"og:title\" content=\"Rates for our campsite in Seine Maritime near Dieppe\" \/>\n<meta property=\"og:description\" content=\"Check out the rates for the campsite in Seine-Maritime near Dieppe: prices for pitches, mobile homes, and options for your stay in Normandy.\" \/>\n<meta property=\"og:url\" content=\"https:\/\/goelands.beecom.dev\/en\/rates\/\" \/>\n<meta property=\"og:site_name\" content=\"Camping les Go\u00eblands\" \/>\n<meta property=\"article:modified_time\" content=\"2026-04-13T09:49:44+00:00\" \/>\n<meta name=\"twitter:card\" content=\"summary_large_image\" \/>\n<script type=\"application\/ld+json\" class=\"yoast-schema-graph\">{\"@context\":\"https:\/\/schema.org\",\"@graph\":[{\"@type\":\"WebPage\",\"@id\":\"https:\/\/goelands.beecom.dev\/en\/rates\/\",\"url\":\"https:\/\/goelands.beecom.dev\/en\/rates\/\",\"name\":\"Rates for our campsite in Seine Maritime near Dieppe\",\"isPartOf\":{\"@id\":\"https:\/\/goelands.beecom.dev\/en\/#website\"},\"datePublished\":\"2026-04-01T13:19:57+00:00\",\"dateModified\":\"2026-04-13T09:49:44+00:00\",\"description\":\"Check out the rates for the campsite in Seine-Maritime near Dieppe: prices for pitches, mobile homes, and options for your stay in Normandy.\",\"breadcrumb\":{\"@id\":\"https:\/\/goelands.beecom.dev\/en\/rates\/#breadcrumb\"},\"inLanguage\":\"en-US\",\"potentialAction\":[{\"@type\":\"ReadAction\",\"target\":[\"https:\/\/goelands.beecom.dev\/en\/rates\/\"]}]},{\"@type\":\"BreadcrumbList\",\"@id\":\"https:\/\/goelands.beecom.dev\/en\/rates\/#breadcrumb\",\"itemListElement\":[{\"@type\":\"ListItem\",\"position\":1,\"name\":\"Camping Les Go\u00e9lands\",\"item\":\"https:\/\/goelands.beecom.dev\/en\/\"},{\"@type\":\"ListItem\",\"position\":2,\"name\":\"Rates\"}]},{\"@type\":\"WebSite\",\"@id\":\"https:\/\/goelands.beecom.dev\/en\/#website\",\"url\":\"https:\/\/goelands.beecom.dev\/en\/\",\"name\":\"Camping les Go\u00eblands\",\"description\":\"\",\"potentialAction\":[{\"@type\":\"SearchAction\",\"target\":{\"@type\":\"EntryPoint\",\"urlTemplate\":\"https:\/\/goelands.beecom.dev\/en\/?s={search_term_string}\"},\"query-input\":{\"@type\":\"PropertyValueSpecification\",\"valueRequired\":true,\"valueName\":\"search_term_string\"}}],\"inLanguage\":\"en-US\"}]}<\/script>\n<!-- \/ Yoast SEO plugin. -->","yoast_head_json":{"title":"Rates for our campsite in Seine Maritime near Dieppe","description":"Check out the rates for the campsite in Seine-Maritime near Dieppe: prices for pitches, mobile homes, and options for your stay in Normandy.","robots":{"index":"noindex","follow":"follow","max-snippet":"max-snippet:-1","max-image-preview":"max-image-preview:large","max-video-preview":"max-video-preview:-1"},"og_locale":"en_US","og_type":"article","og_title":"Rates for our campsite in Seine Maritime near Dieppe","og_description":"Check out the rates for the campsite in Seine-Maritime near Dieppe: prices for pitches, mobile homes, and options for your stay in Normandy.","og_url":"https:\/\/goelands.beecom.dev\/en\/rates\/","og_site_name":"Camping les Go\u00eblands","article_modified_time":"2026-04-13T09:49:44+00:00","twitter_card":"summary_large_image","schema":{"@context":"https:\/\/schema.org","@graph":[{"@type":"WebPage","@id":"https:\/\/goelands.beecom.dev\/en\/rates\/","url":"https:\/\/goelands.beecom.dev\/en\/rates\/","name":"Rates for our campsite in Seine Maritime near Dieppe","isPartOf":{"@id":"https:\/\/goelands.beecom.dev\/en\/#website"},"datePublished":"2026-04-01T13:19:57+00:00","dateModified":"2026-04-13T09:49:44+00:00","description":"Check out the rates for the campsite in Seine-Maritime near Dieppe: prices for pitches, mobile homes, and options for your stay in Normandy.","breadcrumb":{"@id":"https:\/\/goelands.beecom.dev\/en\/rates\/#breadcrumb"},"inLanguage":"en-US","potentialAction":[{"@type":"ReadAction","target":["https:\/\/goelands.beecom.dev\/en\/rates\/"]}]},{"@type":"BreadcrumbList","@id":"https:\/\/goelands.beecom.dev\/en\/rates\/#breadcrumb","itemListElement":[{"@type":"ListItem","position":1,"name":"Camping Les Go\u00e9lands","item":"https:\/\/goelands.beecom.dev\/en\/"},{"@type":"ListItem","position":2,"name":"Rates"}]},{"@type":"WebSite","@id":"https:\/\/goelands.beecom.dev\/en\/#website","url":"https:\/\/goelands.beecom.dev\/en\/","name":"Camping les Go\u00eblands","description":"","potentialAction":[{"@type":"SearchAction","target":{"@type":"EntryPoint","urlTemplate":"https:\/\/goelands.beecom.dev\/en\/?s={search_term_string}"},"query-input":{"@type":"PropertyValueSpecification","valueRequired":true,"valueName":"search_term_string"}}],"inLanguage":"en-US"}]}},"_links":{"self":[{"href":"https:\/\/goelands.beecom.dev\/en\/wp-json\/wp\/v2\/pages\/75295","targetHints":{"allow":["GET"]}}],"collection":[{"href":"https:\/\/goelands.beecom.dev\/en\/wp-json\/wp\/v2\/pages"}],"about":[{"href":"https:\/\/goelands.beecom.dev\/en\/wp-json\/wp\/v2\/types\/page"}],"author":[{"embeddable":true,"href":"https:\/\/goelands.beecom.dev\/en\/wp-json\/wp\/v2\/users\/4"}],"replies":[{"embeddable":true,"href":"https:\/\/goelands.beecom.dev\/en\/wp-json\/wp\/v2\/comments?post=75295"}],"version-history":[{"count":2,"href":"https:\/\/goelands.beecom.dev\/en\/wp-json\/wp\/v2\/pages\/75295\/revisions"}],"predecessor-version":[{"id":75695,"href":"https:\/\/goelands.beecom.dev\/en\/wp-json\/wp\/v2\/pages\/75295\/revisions\/75695"}],"wp:attachment":[{"href":"https:\/\/goelands.beecom.dev\/en\/wp-json\/wp\/v2\/media?parent=75295"}],"curies":[{"name":"wp","href":"https:\/\/api.w.org\/{rel}","templated":true}]}}